{"id":1031,"date":"2018-03-27T09:05:56","date_gmt":"2018-03-27T07:05:56","guid":{"rendered":"http:\/\/www.planche-a-voile.be\/conditions-generales\/"},"modified":"2018-04-21T17:25:12","modified_gmt":"2018-04-21T15:25:12","slug":"conditions-generales","status":"publish","type":"page","link":"https:\/\/www.planche-a-voile.be\/en\/conditions-generales\/","title":{"rendered":"Rental conditions"},"content":{"rendered":"<h1><span id=\"result_box\" class=\"short_text\" lang=\"en\"><span class=\"\">General rental conditions<\/span><\/span><\/h1>\n<p>Un contrat de location devra \u00eatre sign\u00e9 sur place.<\/p>\n<p>Par ailleurs, Espace Fun se r\u00e9serve le droit de refuser la location des activit\u00e9s nautiques en fonction des conditions m\u00e9t\u00e9orologiques, conditions de s\u00e9curit\u00e9 ou pour cause, de niveau pas acquis ou pas prouv\u00e9,&#8230;<\/p>\n<p>Notre \u00e9quipe responsable est donc la seul juge de l\u2019acceptation de la location.<\/p>\n<p>Espace Fun et son personnel se r\u00e9servent le droit d&#8217;interrompre<br \/>\nmomentan\u00e9ment ou d\u00e9finitivement l&#8217;activit\u00e9 nautique en location, et ce, pour des raisons ind\u00e9pendantes de sa volont\u00e9 et\/ou suite au comportement inad\u00e9quat du locataire qui ne respecterait pas les conditions de location,<br \/>\nauxquels cas, aucun remboursement ne pourra \u00eatre r\u00e9clam\u00e9 par le client.<\/p>\n<p>Par ailleurs, les files d&#8217;attente ou les \u00e9ventuels retards ne donnent pas droit \u00e0 une quelconque r\u00e9clamation ou \u00e0 l&#8217;annulation de la r\u00e9servation, et ce, quelle qu&#8217;en soit la raison.<\/p>\n<p>Le client est responsable du mat\u00e9riel lou\u00e9 ou pr\u00eat\u00e9. Le client est responsable des d\u00e9g\u00e2ts occasionn\u00e9s \u00e0 l&#8217;\u00e9quipement fait pendant la p\u00e9riode de location. En cas de d\u00e9g\u00e2ts de mat\u00e9riel, Espace Fun se r\u00e9serve le droit de facturer au client la r\u00e9paration ou le remplacement du mat\u00e9riel.<\/p>\n<p>Si le locataire perd l&#8217;\u00e9quipement ou si celui ci est vol\u00e9, le locataire doit payer le prix de l&#8217;occasion.<\/p>\n<p>Il n&#8217;y aura pas de remboursement si le locataire n&#8217;a finalement pas utilis\u00e9 l&#8217;\u00e9quipement.<\/p>\n<p>Le locataire utilise l&#8217;\u00e9quipement \u00e0 ses risques et p\u00e9rils. Espace Fun n&#8217;est pas responsable des blessures ou d\u00e9g\u00e2ts occasionn\u00e9s par le locataire, \u00e0 lui m\u00eame ou \u00e0 des tiers.<\/p>\n<p>Si vous \u00eates un groupe (amis, famille, entreprise, association,\u00e9coles,&#8230;) le responsable de la r\u00e9servation\/location est de ce fait responsable du groupe tout entier et du mat\u00e9riel mis \u00e0 disposition pendant toute la dur\u00e9e de l&#8217;activit\u00e9.Il reconna\u00eet avoir pris connaissance des r\u00e8gles de location et de les soumettre \u00e0 chaque participant au sein du groupe.<\/p>\n","protected":false},"excerpt":{"rendered":"<p>General rental conditions Un contrat de location devra \u00eatre sign\u00e9 sur place. Par ailleurs, Espace Fun se r\u00e9serve le droit de refuser la location des activit\u00e9s nautiques en fonction des [&hellip;]<\/p>\n","protected":false},"author":1,"featured_media":493,"parent":0,"menu_order":15,"comment_status":"closed","ping_status":"closed","template":"","meta":[],"acf":[],"_links":{"self":[{"href":"https:\/\/www.planche-a-voile.be\/en\/wp-json\/wp\/v2\/pages\/1031"}],"collection":[{"href":"https:\/\/www.planche-a-voile.be\/en\/wp-json\/wp\/v2\/pages"}],"about":[{"href":"https:\/\/www.planche-a-voile.be\/en\/wp-json\/wp\/v2\/types\/page"}],"author":[{"embeddable":true,"href":"https:\/\/www.planche-a-voile.be\/en\/wp-json\/wp\/v2\/users\/1"}],"replies":[{"embeddable":true,"href":"https:\/\/www.planche-a-voile.be\/en\/wp-json\/wp\/v2\/comments?post=1031"}],"version-history":[{"count":5,"href":"https:\/\/www.planche-a-voile.be\/en\/wp-json\/wp\/v2\/pages\/1031\/revisions"}],"predecessor-version":[{"id":1069,"href":"https:\/\/www.planche-a-voile.be\/en\/wp-json\/wp\/v2\/pages\/1031\/revisions\/1069"}],"wp:featuredmedia":[{"embeddable":true,"href":"https:\/\/www.planche-a-voile.be\/en\/wp-json\/wp\/v2\/media\/493"}],"wp:attachment":[{"href":"https:\/\/www.planche-a-voile.be\/en\/wp-json\/wp\/v2\/media?parent=1031"}],"curies":[{"name":"wp","href":"https:\/\/api.w.org\/{rel}","templated":true}]}}